{"id":6,"date":"2023-11-24T06:53:43","date_gmt":"2023-11-24T09:53:43","guid":{"rendered":"http:\/\/coraf.org.br\/?page_id=6"},"modified":"2023-12-01T13:22:06","modified_gmt":"2023-12-01T16:22:06","slug":"home-2","status":"publish","type":"page","link":"https:\/\/coraf.org.br\/","title":{"rendered":"Home"},"content":{"rendered":"\n<div class=\"wp-block-cover alignfull is-light is-style-default wp-duotone-unset-1\" style=\"padding-right:0;padding-left:0;min-height:650px;aspect-ratio:unset;aspect-ratio:unset;\"><span aria-hidden=\"true\" class=\"wp-block-cover__background has-ast-global-color-6-background-color has-background-dim-10 has-background-dim\"><\/span><img loading=\"lazy\" decoding=\"async\" width=\"1440\" height=\"810\" class=\"wp-block-cover__image-background wp-image-488\" alt=\"\" src=\"https:\/\/coraf.org.br\/wp-content\/uploads\/2023\/11\/Fundo-do-Home-principal.jpg\" style=\"object-position:67% 23%\" data-object-fit=\"cover\" data-object-position=\"67% 23%\" srcset=\"https:\/\/coraf.org.br\/wp-content\/uploads\/2023\/11\/Fundo-do-Home-principal.jpg 1440w, https:\/\/coraf.org.br\/wp-content\/uploads\/2023\/11\/Fundo-do-Home-principal-300x169.jpg 300w, https:\/\/coraf.org.br\/wp-content\/uploads\/2023\/11\/Fundo-do-Home-principal-1024x576.jpg 1024w, https:\/\/coraf.org.br\/wp-content\/uploads\/2023\/11\/Fundo-do-Home-principal-768x432.jpg 768w\" sizes=\"(max-width: 1440px) 100vw, 1440px\" \/><div class=\"wp-block-cover__inner-container is-layout-flow wp-block-cover-is-layout-flow\">\n<h2 class=\"wp-block-heading has-text-align-center has-ast-global-color-2-color has-text-color has-link-color has-medium-font-size wp-elements-e5da82b40a964f88153d60a6f38dddaa\"><br><br><br>Dias 07 e 08 de Dezembro de 2023<br>Golden Plaza Hotel | Porto Velho-RO<\/h2>\n\n\n\n<div class=\"wp-block-columns is-layout-flex wp-container-core-columns-is-layout-1 wp-block-columns-is-layout-flex\">\n<div class=\"wp-block-column is-layout-flow wp-block-column-is-layout-flow\"><\/div>\n\n\n\n<div class=\"wp-block-column is-layout-flow wp-block-column-is-layout-flow\">\n<figure class=\"wp-block-image aligncenter size-full\"><img loading=\"lazy\" decoding=\"async\" width=\"995\" height=\"355\" src=\"http:\/\/coraf.org.br\/wp-content\/uploads\/2023\/11\/Logo-para-o-Cabecalho-2.png\" alt=\"\" class=\"wp-image-401\" srcset=\"https:\/\/coraf.org.br\/wp-content\/uploads\/2023\/11\/Logo-para-o-Cabecalho-2.png 995w, https:\/\/coraf.org.br\/wp-content\/uploads\/2023\/11\/Logo-para-o-Cabecalho-2-300x107.png 300w, https:\/\/coraf.org.br\/wp-content\/uploads\/2023\/11\/Logo-para-o-Cabecalho-2-768x274.png 768w\" sizes=\"(max-width: 995px) 100vw, 995px\" \/><\/figure>\n<\/div>\n\n\n\n<div class=\"wp-block-column is-layout-flow wp-block-column-is-layout-flow\"><\/div>\n<\/div>\n\n\n\n<h2 class=\"wp-block-heading has-text-align-center has-ast-global-color-2-color has-text-color has-link-color wp-elements-013b68b49f8134f6c3367e5a4ffe49e7\" style=\"font-size:22px\"><strong>I CONGRESSO RONDONIENSE DE<br>ASSIST\u00caNCIA FARMAC\u00caUTICA<\/strong><\/h2>\n\n\n\n<p class=\"has-text-align-center has-ast-global-color-2-color has-text-color has-link-color wp-elements-b5603ed83b712bab2fe05394b95bc2ec\" style=\"font-size:13px\"><strong>OFICINA DE CONSTRU\u00c7\u00c3O DE CARTA PROPOSTA <\/strong><br><strong>PARA POL\u00cdTICA ESTADUAL DE ASSIST\u00caNCIA FARMAC\u00caUTICA&nbsp;DE&nbsp;ROND\u00d4NIA<\/strong><\/p>\n\n\n\n<div class=\"wp-block-group alignfull is-layout-constrained wp-block-group-is-layout-constrained\" style=\"padding-top:var(--wp--preset--spacing--40);padding-bottom:var(--wp--preset--spacing--40)\">\n<div class=\"wp-block-buttons is-content-justification-center is-layout-flex wp-container-core-buttons-is-layout-1 wp-block-buttons-is-layout-flex\">\n<div class=\"wp-block-button\"><a class=\"wp-block-button__link has-ast-global-color-3-background-color has-background has-text-align-center wp-element-button\" href=\"https:\/\/coraf.org.br\/index.php\/inscricao\/\" style=\"padding-top:var(--wp--preset--spacing--40);padding-bottom:var(--wp--preset--spacing--40)\">Inscri\u00e7\u00e3o<\/a><\/div>\n<\/div>\n<\/div>\n<\/div><\/div>\n\n\n\n<div class=\"wp-block-columns alignfull are-vertically-aligned-top is-style-default is-layout-flex wp-container-core-columns-is-layout-2 wp-block-columns-is-layout-flex\" style=\"border-width:1px;margin-top:0;margin-bottom:0;padding-top:var(--wp--preset--spacing--40);padding-right:var(--wp--preset--spacing--80);padding-bottom:var(--wp--preset--spacing--40);padding-left:var(--wp--preset--spacing--80)\">\n<div class=\"wp-block-column is-vertically-aligned-top is-layout-flow wp-container-core-column-is-layout-4 wp-block-column-is-layout-flow\">\n<h5 class=\"wp-block-heading has-text-align-center has-ast-global-color-2-color has-text-color has-link-color wp-elements-d1ecc54d6d0118cb5833b508cab0af88\" style=\"margin-top:16px\">Realiza\u00e7\u00e3o<\/h5>\n\n\n\n<figure class=\"wp-block-image aligncenter size-full is-resized\"><img loading=\"lazy\" decoding=\"async\" width=\"738\" height=\"270\" src=\"http:\/\/coraf.org.br\/wp-content\/uploads\/2023\/11\/logo_acpgms_marca-efeito_novo.png\" alt=\"\" class=\"wp-image-409\" style=\"width:267px;height:auto\" srcset=\"https:\/\/coraf.org.br\/wp-content\/uploads\/2023\/11\/logo_acpgms_marca-efeito_novo.png 738w, https:\/\/coraf.org.br\/wp-content\/uploads\/2023\/11\/logo_acpgms_marca-efeito_novo-300x110.png 300w\" sizes=\"(max-width: 738px) 100vw, 738px\" \/><\/figure>\n<\/div>\n\n\n\n<div class=\"wp-block-column is-vertically-aligned-top is-layout-flow wp-container-core-column-is-layout-5 wp-block-column-is-layout-flow\">\n<h5 class=\"wp-block-heading has-text-align-center has-ast-global-color-2-color has-text-color has-link-color wp-elements-71cdb0e22a2dc701f1e262831de9890c\" style=\"margin-top:16px\">Apoio Cient\u00edfico<\/h5>\n\n\n\n<figure class=\"wp-block-image aligncenter size-full is-resized\"><img loading=\"lazy\" decoding=\"async\" width=\"738\" height=\"214\" src=\"http:\/\/coraf.org.br\/wp-content\/uploads\/2023\/11\/Governo-Rondonia-1-e1701262026806.png\" alt=\"\" class=\"wp-image-413\" style=\"width:344px;height:auto\" srcset=\"https:\/\/coraf.org.br\/wp-content\/uploads\/2023\/11\/Governo-Rondonia-1-e1701262026806.png 738w, https:\/\/coraf.org.br\/wp-content\/uploads\/2023\/11\/Governo-Rondonia-1-e1701262026806-300x87.png 300w\" sizes=\"(max-width: 738px) 100vw, 738px\" \/><\/figure>\n<\/div>\n<\/div>\n","protected":false},"excerpt":{"rendered":"<p>Realiza\u00e7\u00e3o Apoio Cient\u00edfico<\/p>\n","protected":false},"author":1,"featured_media":0,"parent":0,"menu_order":0,"comment_status":"closed","ping_status":"closed","template":"","meta":{"_editorskit_title_hidden":false,"_editorskit_reading_time":0,"_editorskit_is_block_options_detached":false,"_editorskit_block_options_position":"{}","site-sidebar-layout":"no-sidebar","site-content-layout":"plain-container","ast-site-content-layout":"","site-content-style":"default","site-sidebar-style":"default","ast-global-header-display":"","ast-banner-title-visibility":"","ast-main-header-display":"","ast-hfb-above-header-display":"","ast-hfb-below-header-display":"","ast-hfb-mobile-header-display":"","site-post-title":"disabled","ast-breadcrumbs-content":"","ast-featured-img":"","footer-sml-layout":"","theme-transparent-header-meta":"enabled","adv-header-id-meta":"","stick-header-meta":"","header-above-stick-meta":"","header-main-stick-meta":"","header-below-stick-meta":"","astra-migrate-meta-layouts":"default","ast-page-background-enabled":"default","ast-page-background-meta":{"desktop":{"background-color":"var(--ast-global-color-4)","background-image":"","background-repeat":"repeat","background-position":"center center","background-size":"auto","background-attachment":"scroll","background-type":"","background-media":"","overlay-type":"","overlay-color":"","overlay-opacity":"","overlay-gradient":""},"tablet":{"background-color":"","background-image":"","background-repeat":"repeat","background-position":"center center","background-size":"auto","background-attachment":"scroll","background-type":"","background-media":"","overlay-type":"","overlay-color":"","overlay-opacity":"","overlay-gradient":""},"mobile":{"background-color":"","background-image":"","background-repeat":"repeat","background-position":"center center","background-size":"auto","background-attachment":"scroll","background-type":"","background-media":"","overlay-type":"","overlay-color":"","overlay-opacity":"","overlay-gradient":""}},"ast-content-background-meta":{"desktop":{"background-color":"var(--ast-global-color-5)","background-image":"","background-repeat":"repeat","background-position":"center center","background-size":"auto","background-attachment":"scroll","background-type":"","background-media":"","overlay-type":"","overlay-color":"","overlay-opacity":"","overlay-gradient":""},"tablet":{"background-color":"var(--ast-global-color-5)","background-image":"","background-repeat":"repeat","background-position":"center center","background-size":"auto","background-attachment":"scroll","background-type":"","background-media":"","overlay-type":"","overlay-color":"","overlay-opacity":"","overlay-gradient":""},"mobile":{"background-color":"var(--ast-global-color-5)","background-image":"","background-repeat":"repeat","background-position":"center center","background-size":"auto","background-attachment":"scroll","background-type":"","background-media":"","overlay-type":"","overlay-color":"","overlay-opacity":"","overlay-gradient":""}},"footnotes":""},"aioseo_notices":[],"class_list":["post-6","page","type-page","status-publish","hentry"],"_links":{"self":[{"href":"https:\/\/coraf.org.br\/index.php\/wp-json\/wp\/v2\/pages\/6"}],"collection":[{"href":"https:\/\/coraf.org.br\/index.php\/wp-json\/wp\/v2\/pages"}],"about":[{"href":"https:\/\/coraf.org.br\/index.php\/wp-json\/wp\/v2\/types\/page"}],"author":[{"embeddable":true,"href":"https:\/\/coraf.org.br\/index.php\/wp-json\/wp\/v2\/users\/1"}],"replies":[{"embeddable":true,"href":"https:\/\/coraf.org.br\/index.php\/wp-json\/wp\/v2\/comments?post=6"}],"version-history":[{"count":145,"href":"https:\/\/coraf.org.br\/index.php\/wp-json\/wp\/v2\/pages\/6\/revisions"}],"predecessor-version":[{"id":638,"href":"https:\/\/coraf.org.br\/index.php\/wp-json\/wp\/v2\/pages\/6\/revisions\/638"}],"wp:attachment":[{"href":"https:\/\/coraf.org.br\/index.php\/wp-json\/wp\/v2\/media?parent=6"}],"curies":[{"name":"wp","href":"https:\/\/api.w.org\/{rel}","templated":true}]}}