{"id":2,"date":"2023-11-23T22:33:44","date_gmt":"2023-11-24T01:33:44","guid":{"rendered":"http:\/\/coraf.org.br\/?page_id=2"},"modified":"2023-11-29T13:34:07","modified_gmt":"2023-11-29T16:34:07","slug":"apresentacao","status":"publish","type":"page","link":"https:\/\/coraf.org.br\/index.php\/apresentacao\/","title":{"rendered":"Apresenta\u00e7\u00e3o"},"content":{"rendered":"\n<div class=\"wp-block-group is-layout-constrained wp-block-group-is-layout-constrained\" style=\"padding-top:var(--wp--preset--spacing--50);padding-bottom:var(--wp--preset--spacing--50)\">\n<h2 class=\"wp-block-heading has-text-align-center\">Apresenta\u00e7\u00e3o<\/h2>\n<\/div>\n\n\n\n<div class=\"wp-block-group is-layout-constrained wp-block-group-is-layout-constrained\" style=\"padding-top:0px;padding-bottom:0px\">\n<p class=\"has-text-align-justify has-tablet-text-align-justify has-mobile-text-align-justify\">A Pol\u00edtica Nacional de Medicamentos (PNM) objetiva garantir a necess\u00e1ria seguran\u00e7a, efic\u00e1cia e qualidade dos medicamentos, a promo\u00e7\u00e3o do seu uso racional e o acesso da popula\u00e7\u00e3o \u00e0queles considerados essenciais. Para tanto, estabeleceu diretrizes e prioridades fundamentadas na reorienta\u00e7\u00e3o da assist\u00eancia farmac\u00eautica, descentraliza\u00e7\u00e3o da gest\u00e3o e promo\u00e7\u00e3o do uso racional dos medicamentos. Nessa perspectiva, a gest\u00e3o estadual da Assist\u00eancia Farmac\u00eautica desempenha um papel estrat\u00e9gico n\u00e3o somente no financiamento, mas tamb\u00e9m no processo de articula\u00e7\u00e3o intersetorial e integra\u00e7\u00e3o das a\u00e7\u00f5es dentro do Sistema \u00danico de Sa\u00fade (SUS), com vistas \u00e0 promo\u00e7\u00e3o do acesso e uso racional de medicamentos. <\/p>\n\n\n\n<p class=\"has-text-align-justify has-tablet-text-align-justify has-mobile-text-align-justify\">A despeito das diretrizes da PNM, Assist\u00eancia Farmac\u00eautica no contexto de alguns estados ainda se encontra em descompasso com o conjunto de demandas da aten\u00e7\u00e3o \u00e0 sa\u00fade, problemas que dificultam o acesso e o uso racional de medicamentos pela popula\u00e7\u00e3o nas farm\u00e1cias das unidades p\u00fablicas de sa\u00fade tais como defici\u00eancias na gest\u00e3o e no financiamento e a prec\u00e1ria estrutura\u00e7\u00e3o e organiza\u00e7\u00e3o dos servi\u00e7os.<\/p>\n\n\n\n<p class=\"has-text-align-justify has-tablet-text-align-justify has-mobile-text-align-justify\">A implanta\u00e7\u00e3o de uma Pol\u00edtica de Assist\u00eancia Farmac\u00eautica a n\u00edvel estadual representa uma oportunidade de melhoria na organiza\u00e7\u00e3o e\/ou estrutura\u00e7\u00e3o da Assist\u00eancia Farmac\u00eautica no \u00e2mbito das Secretarias Estaduais de Sa\u00fade (SES\u2019s) no que concerne \u00e0 aten\u00e7\u00e3o prim\u00e1ria de sa\u00fade, contribuindo n\u00e3o somente para melhoria dos processos log\u00edsticos, mas tamb\u00e9m para o aumento e a qualifica\u00e7\u00e3o do acesso da popula\u00e7\u00e3o aos medicamentos.<\/p>\n\n\n\n<p class=\"has-text-align-justify has-tablet-text-align-justify has-mobile-text-align-justify\">Nesse contexto, a Associa\u00e7\u00e3o do Curso de P\u00f3s-gradua\u00e7\u00e3o em Medicina e Sa\u00fade com apoio cient\u00edfico da Secretaria de Estado de Sa\u00fade de Rond\u00f4nia (SESAU) promover\u00e1 entre os dias 07 e 08 de dezembro de 2023, na cidade de Porto Velho \u2013 Rond\u00f4nia, o I Congresso Rondoniense de Assist\u00eancia Farmac\u00eautica \u2013 CORAF.23. <\/p>\n\n\n\n<p class=\"has-text-align-justify has-tablet-text-align-justify has-mobile-text-align-justify\">Nessa primeira edi\u00e7\u00e3o do evento ter\u00e1 como tema central: \u201cPol\u00edtica de Assist\u00eancia Farmac\u00eautica do Estado de Rond\u00f4nia: Contemporizando uma Proposta\u201d. Nesse sentido, pretendemos realizar um debate amplo sobre os principais desafios, tend\u00eancias e possibilidades da Assist\u00eancia Farmac\u00eautica do estado de Rond\u00f4nia, e propor alternativas visando melhoria da gest\u00e3o estadual da Assist\u00eancia Farmac\u00eautica. Ademais, durante o evento ser\u00e1 realizada a \u201cOficina de Constru\u00e7\u00e3o de Carta Proposta para Pol\u00edtica Estadual de Assist\u00eancia Farmac\u00eautica de Rond\u00f4nia\u201d. Oficina que visa formular uma proposta t\u00e9cnica para a Pol\u00edtica Estadual de Farmac\u00eautica para Rond\u00f4nia, de forma democr\u00e1tica e participativa, a partir de contribui\u00e7\u00f5es de diferentes atores do SUS.<\/p>\n\n\n\n<p class=\"has-text-align-justify has-tablet-text-align-justify has-mobile-text-align-justify\">Convidamos os principais stakeholders para debater conosco as solu\u00e7\u00f5es para o melhor endere\u00e7amento desta problem\u00e1tica.<\/p>\n<\/div>\n\n\n\n<div class=\"wp-block-columns is-layout-flex wp-container-core-columns-is-layout-1 wp-block-columns-is-layout-flex\" style=\"padding-top:var(--wp--preset--spacing--60);padding-right:var(--wp--preset--spacing--30);padding-bottom:var(--wp--preset--spacing--60);padding-left:var(--wp--preset--spacing--30)\">\n<div class=\"wp-block-column is-vertically-aligned-center is-layout-flow wp-block-column-is-layout-flow\">\n<figure class=\"wp-block-image aligncenter size-large is-resized\"><img loading=\"lazy\" decoding=\"async\" width=\"1024\" height=\"1024\" src=\"http:\/\/coraf.org.br\/wp-content\/uploads\/2023\/11\/Moldura-Charleston-1-1024x1024.png\" alt=\"\" class=\"wp-image-323\" style=\"width:105px;height:auto\" srcset=\"https:\/\/coraf.org.br\/wp-content\/uploads\/2023\/11\/Moldura-Charleston-1-1024x1024.png 1024w, https:\/\/coraf.org.br\/wp-content\/uploads\/2023\/11\/Moldura-Charleston-1-300x300.png 300w, https:\/\/coraf.org.br\/wp-content\/uploads\/2023\/11\/Moldura-Charleston-1-150x150.png 150w, https:\/\/coraf.org.br\/wp-content\/uploads\/2023\/11\/Moldura-Charleston-1-768x768.png 768w, https:\/\/coraf.org.br\/wp-content\/uploads\/2023\/11\/Moldura-Charleston-1.png 1080w\" sizes=\"(max-width: 1024px) 100vw, 1024px\" \/><\/figure>\n\n\n\n<p class=\"has-text-align-center has-small-font-size\"><strong>Prof. Charleston Ribeiro<br><\/strong>Comiss\u00e3o Organizadora CORAF.23<br>Presidente, Associa\u00e7\u00e3o do Curso de P\u00f3s-gradua\u00e7\u00e3o em Medicina e Sa\u00fade<br>Professor, Faculdade de Farm\u00e1cia \u2013 UFBA | UESB<\/p>\n<\/div>\n\n\n\n<div class=\"wp-block-column is-vertically-aligned-center is-layout-flow wp-block-column-is-layout-flow\">\n<figure class=\"wp-block-image aligncenter size-large is-resized\"><img loading=\"lazy\" decoding=\"async\" width=\"1024\" height=\"1024\" src=\"http:\/\/coraf.org.br\/wp-content\/uploads\/2023\/11\/Moldura-Nery-1024x1024.png\" alt=\"\" class=\"wp-image-322\" style=\"width:105px\" srcset=\"https:\/\/coraf.org.br\/wp-content\/uploads\/2023\/11\/Moldura-Nery-1024x1024.png 1024w, https:\/\/coraf.org.br\/wp-content\/uploads\/2023\/11\/Moldura-Nery-300x300.png 300w, https:\/\/coraf.org.br\/wp-content\/uploads\/2023\/11\/Moldura-Nery-150x150.png 150w, https:\/\/coraf.org.br\/wp-content\/uploads\/2023\/11\/Moldura-Nery-768x768.png 768w, https:\/\/coraf.org.br\/wp-content\/uploads\/2023\/11\/Moldura-Nery.png 1080w\" sizes=\"(max-width: 1024px) 100vw, 1024px\" \/><\/figure>\n\n\n\n<p class=\"has-text-align-center has-small-font-size\"><strong>Dra. Ma\u00edra Nery<br><\/strong>Presidente, Comiss\u00e3o Cient\u00edfica CORAF.23<br>Coordenadora de Gest\u00e3o e Assist\u00eancia Farmac\u00eautica<br>Secretaria de Sa\u00fade do Estado\u00a0de\u00a0Rond\u00f4nia<\/p>\n<\/div>\n<\/div>\n\n\n\n<hr class=\"wp-block-separator aligncenter has-alpha-channel-opacity\"\/>\n","protected":false},"excerpt":{"rendered":"<p>Apresenta\u00e7\u00e3o A Pol\u00edtica Nacional de Medicamentos (PNM) objetiva garantir a necess\u00e1ria seguran\u00e7a, efic\u00e1cia e qualidade dos medicamentos, a promo\u00e7\u00e3o do seu uso racional e o acesso da popula\u00e7\u00e3o \u00e0queles considerados essenciais. Para tanto, estabeleceu diretrizes e prioridades fundamentadas na reorienta\u00e7\u00e3o da assist\u00eancia farmac\u00eautica, descentraliza\u00e7\u00e3o da gest\u00e3o e promo\u00e7\u00e3o do uso racional dos medicamentos. Nessa perspectiva, [&hellip;]<\/p>\n","protected":false},"author":1,"featured_media":0,"parent":0,"menu_order":0,"comment_status":"closed","ping_status":"closed","template":"","meta":{"_editorskit_title_hidden":false,"_editorskit_reading_time":0,"_editorskit_is_block_options_detached":false,"_editorskit_block_options_position":"{}","site-sidebar-layout":"default","site-content-layout":"","ast-site-content-layout":"","site-content-style":"default","site-sidebar-style":"default","ast-global-header-display":"","ast-banner-title-visibility":"","ast-main-header-display":"","ast-hfb-above-header-display":"","ast-hfb-below-header-display":"","ast-hfb-mobile-header-display":"","site-post-title":"disabled","ast-breadcrumbs-content":"","ast-featured-img":"","footer-sml-layout":"","theme-transparent-header-meta":"","adv-header-id-meta":"","stick-header-meta":"","header-above-stick-meta":"","header-main-stick-meta":"","header-below-stick-meta":"","astra-migrate-meta-layouts":"","ast-page-background-enabled":"default","ast-page-background-meta":{"desktop":{"background-color":"var(--ast-global-color-4)","background-image":"","background-repeat":"repeat","background-position":"center center","background-size":"auto","background-attachment":"scroll","background-type":"","background-media":"","overlay-type":"","overlay-color":"","overlay-opacity":"","overlay-gradient":""},"tablet":{"background-color":"","background-image":"","background-repeat":"repeat","background-position":"center center","background-size":"auto","background-attachment":"scroll","background-type":"","background-media":"","overlay-type":"","overlay-color":"","overlay-opacity":"","overlay-gradient":""},"mobile":{"background-color":"","background-image":"","background-repeat":"repeat","background-position":"center center","background-size":"auto","background-attachment":"scroll","background-type":"","background-media":"","overlay-type":"","overlay-color":"","overlay-opacity":"","overlay-gradient":""}},"ast-content-background-meta":{"desktop":{"background-color":"var(--ast-global-color-5)","background-image":"","background-repeat":"repeat","background-position":"center center","background-size":"auto","background-attachment":"scroll","background-type":"","background-media":"","overlay-type":"","overlay-color":"","overlay-opacity":"","overlay-gradient":""},"tablet":{"background-color":"var(--ast-global-color-5)","background-image":"","background-repeat":"repeat","background-position":"center center","background-size":"auto","background-attachment":"scroll","background-type":"","background-media":"","overlay-type":"","overlay-color":"","overlay-opacity":"","overlay-gradient":""},"mobile":{"background-color":"var(--ast-global-color-5)","background-image":"","background-repeat":"repeat","background-position":"center center","background-size":"auto","background-attachment":"scroll","background-type":"","background-media":"","overlay-type":"","overlay-color":"","overlay-opacity":"","overlay-gradient":""}},"footnotes":""},"aioseo_notices":[],"class_list":["post-2","page","type-page","status-publish","hentry"],"_links":{"self":[{"href":"https:\/\/coraf.org.br\/index.php\/wp-json\/wp\/v2\/pages\/2"}],"collection":[{"href":"https:\/\/coraf.org.br\/index.php\/wp-json\/wp\/v2\/pages"}],"about":[{"href":"https:\/\/coraf.org.br\/index.php\/wp-json\/wp\/v2\/types\/page"}],"author":[{"embeddable":true,"href":"https:\/\/coraf.org.br\/index.php\/wp-json\/wp\/v2\/users\/1"}],"replies":[{"embeddable":true,"href":"https:\/\/coraf.org.br\/index.php\/wp-json\/wp\/v2\/comments?post=2"}],"version-history":[{"count":24,"href":"https:\/\/coraf.org.br\/index.php\/wp-json\/wp\/v2\/pages\/2\/revisions"}],"predecessor-version":[{"id":540,"href":"https:\/\/coraf.org.br\/index.php\/wp-json\/wp\/v2\/pages\/2\/revisions\/540"}],"wp:attachment":[{"href":"https:\/\/coraf.org.br\/index.php\/wp-json\/wp\/v2\/media?parent=2"}],"curies":[{"name":"wp","href":"https:\/\/api.w.org\/{rel}","templated":true}]}}